{"id":1855,"date":"2015-05-05T22:04:56","date_gmt":"2015-05-05T22:04:56","guid":{"rendered":"http:\/\/www.dagopen.ee\/contact\/"},"modified":"2025-01-17T17:59:41","modified_gmt":"2025-01-17T15:59:41","slug":"contact","status":"publish","type":"page","link":"https:\/\/www.dagopen.ee\/en\/contact\/","title":{"rendered":"Contact"},"content":{"rendered":"<section class=\"wpb-content-wrapper\"><p>[vc_row][vc_column width=&#8221;2\/3&#8243; css=&#8221;.vc_custom_1456389622755{padding-right: 50px !important;}&#8221;][nor_contact_form myemail=&#8221;info@dagopen.ee&#8221; title=&#8221;&#8221; subtitle=&#8221;&#8221; name=&#8221;Nimi&#8221; subject=&#8221;Teema&#8221; message=&#8221;Kiri&#8221; buttontext=&#8221;Saada&#8221; success=&#8221;Ait\u00e4h! Vastame esimesel v\u00f5imalusel!&#8221; failure=&#8221;Ups! Midagi l\u00e4ks valesti&#8221;]<br \/>\n          [vc_empty_space height=&#8221;42px&#8221;][\/vc_column][vc_column width=&#8221;1\/3&#8243;][vc_column_text]<\/p>\n<div class=\"contact-1st\">\n<h4 style=\"text-align: center;\">Hiiumaa Office<\/h4>\n<p style=\"text-align: center;\">Sadama 15<br \/>\nK\u00e4rdla 92412<br \/>\nHiiumaa<\/p>\n<p style=\"text-align: center;\">Tel:(+372) 503 4055<br \/>\ndagopen(at)dagopen.ee<\/p>\n<\/p><\/div>\n<div class=\"contact-mdash\" style=\"text-align: center;\">\n<h4><strong>Tallinn Office<\/strong><\/h4>\n<p>Kreutzwaldi 24<br \/>\nTallinn 10147<br \/>\nHarjumaa<\/p>\n<p>Tel:(+372) 52 29 032<br \/>\ninfo(at)dagopen.ee<\/p>\n<p class=\"m-dash\">\n<\/div>\n<p>[\/vc_column_text][\/vc_column][\/vc_row]<\/p>\n<\/section>","protected":false},"excerpt":{"rendered":"<p>[vc_row][vc_column width=&#8221;2\/3&#8243; css=&#8221;.vc_custom_1456389622755{padding-right: 50px !important;}&#8221;][nor_contact_form myemail=&#8221;info@dagopen.ee&#8221; title=&#8221;&#8221; subtitle=&#8221;&#8221; name=&#8221;Nimi&#8221; subject=&#8221;Teema&#8221; message=&#8221;Kiri&#8221; buttontext=&#8221;Saada&#8221; success=&#8221;Ait\u00e4h! Vastame esimesel v\u00f5imalusel!&#8221; failure=&#8221;Ups! Midagi l\u00e4ks valesti&#8221;]&#8230;<\/p>\n","protected":false},"author":1,"featured_media":0,"parent":0,"menu_order":0,"comment_status":"open","ping_status":"open","template":"","meta":{"_acf_changed":false,"footnotes":""},"class_list":["post-1855","page","type-page","status-publish","hentry"],"acf":[],"yoast_head":"<!-- This site is optimized with the Yoast SEO plugin v25.3.1 - https:\/\/yoast.com\/wordpress\/plugins\/seo\/ -->\n<title>Contact - Dagopen<\/title>\n<meta name=\"robots\" content=\"index, follow, max-snippet:-1, max-image-preview:large, max-video-preview:-1\" \/>\n<link rel=\"canonical\" href=\"https:\/\/www.dagopen.ee\/en\/contact\/\" \/>\n<meta property=\"og:locale\" content=\"en_US\" \/>\n<meta property=\"og:type\" content=\"article\" \/>\n<meta property=\"og:title\" content=\"Contact - Dagopen\" \/>\n<meta property=\"og:description\" content=\"[vc_row][vc_column width=&#8221;2\/3&#8243; css=&#8221;.vc_custom_1456389622755{padding-right: 50px !important;}&#8221;][nor_contact_form myemail=&#8221;info@dagopen.ee&#8221; title=&#8221;&#8221; subtitle=&#8221;&#8221; name=&#8221;Nimi&#8221; subject=&#8221;Teema&#8221; message=&#8221;Kiri&#8221; buttontext=&#8221;Saada&#8221; success=&#8221;Ait\u00e4h! Vastame esimesel v\u00f5imalusel!&#8221; failure=&#8221;Ups! Midagi l\u00e4ks valesti&#8221;]...\" \/>\n<meta property=\"og:url\" content=\"https:\/\/www.dagopen.ee\/en\/contact\/\" \/>\n<meta property=\"og:site_name\" content=\"Dagopen\" \/>\n<meta property=\"article:modified_time\" content=\"2025-01-17T15:59:41+00:00\" \/>\n<script type=\"application\/ld+json\" class=\"yoast-schema-graph\">{\"@context\":\"https:\/\/schema.org\",\"@graph\":[{\"@type\":\"WebPage\",\"@id\":\"https:\/\/www.dagopen.ee\/en\/contact\/\",\"url\":\"https:\/\/www.dagopen.ee\/en\/contact\/\",\"name\":\"Contact - Dagopen\",\"isPartOf\":{\"@id\":\"https:\/\/www.dagopen.ee\/#website\"},\"datePublished\":\"2015-05-05T22:04:56+00:00\",\"dateModified\":\"2025-01-17T15:59:41+00:00\",\"breadcrumb\":{\"@id\":\"https:\/\/www.dagopen.ee\/en\/contact\/#breadcrumb\"},\"inLanguage\":\"en-US\",\"potentialAction\":[{\"@type\":\"ReadAction\",\"target\":[\"https:\/\/www.dagopen.ee\/en\/contact\/\"]}]},{\"@type\":\"BreadcrumbList\",\"@id\":\"https:\/\/www.dagopen.ee\/en\/contact\/#breadcrumb\",\"itemListElement\":[{\"@type\":\"ListItem\",\"position\":1,\"name\":\"Home\",\"item\":\"https:\/\/www.dagopen.ee\/en\/\"},{\"@type\":\"ListItem\",\"position\":2,\"name\":\"Contact\"}]},{\"@type\":\"WebSite\",\"@id\":\"https:\/\/www.dagopen.ee\/#website\",\"url\":\"https:\/\/www.dagopen.ee\/\",\"name\":\"Dagopen\",\"description\":\"\",\"potentialAction\":[{\"@type\":\"SearchAction\",\"target\":{\"@type\":\"EntryPoint\",\"urlTemplate\":\"https:\/\/www.dagopen.ee\/?s={search_term_string}\"},\"query-input\":{\"@type\":\"PropertyValueSpecification\",\"valueRequired\":true,\"valueName\":\"search_term_string\"}}],\"inLanguage\":\"en-US\"}]}<\/script>\n<!-- \/ Yoast SEO plugin. -->","yoast_head_json":{"title":"Contact - Dagopen","robots":{"index":"index","follow":"follow","max-snippet":"max-snippet:-1","max-image-preview":"max-image-preview:large","max-video-preview":"max-video-preview:-1"},"canonical":"https:\/\/www.dagopen.ee\/en\/contact\/","og_locale":"en_US","og_type":"article","og_title":"Contact - Dagopen","og_description":"[vc_row][vc_column width=&#8221;2\/3&#8243; css=&#8221;.vc_custom_1456389622755{padding-right: 50px !important;}&#8221;][nor_contact_form myemail=&#8221;info@dagopen.ee&#8221; title=&#8221;&#8221; subtitle=&#8221;&#8221; name=&#8221;Nimi&#8221; subject=&#8221;Teema&#8221; message=&#8221;Kiri&#8221; buttontext=&#8221;Saada&#8221; success=&#8221;Ait\u00e4h! Vastame esimesel v\u00f5imalusel!&#8221; failure=&#8221;Ups! Midagi l\u00e4ks valesti&#8221;]...","og_url":"https:\/\/www.dagopen.ee\/en\/contact\/","og_site_name":"Dagopen","article_modified_time":"2025-01-17T15:59:41+00:00","schema":{"@context":"https:\/\/schema.org","@graph":[{"@type":"WebPage","@id":"https:\/\/www.dagopen.ee\/en\/contact\/","url":"https:\/\/www.dagopen.ee\/en\/contact\/","name":"Contact - Dagopen","isPartOf":{"@id":"https:\/\/www.dagopen.ee\/#website"},"datePublished":"2015-05-05T22:04:56+00:00","dateModified":"2025-01-17T15:59:41+00:00","breadcrumb":{"@id":"https:\/\/www.dagopen.ee\/en\/contact\/#breadcrumb"},"inLanguage":"en-US","potentialAction":[{"@type":"ReadAction","target":["https:\/\/www.dagopen.ee\/en\/contact\/"]}]},{"@type":"BreadcrumbList","@id":"https:\/\/www.dagopen.ee\/en\/contact\/#breadcrumb","itemListElement":[{"@type":"ListItem","position":1,"name":"Home","item":"https:\/\/www.dagopen.ee\/en\/"},{"@type":"ListItem","position":2,"name":"Contact"}]},{"@type":"WebSite","@id":"https:\/\/www.dagopen.ee\/#website","url":"https:\/\/www.dagopen.ee\/","name":"Dagopen","description":"","potentialAction":[{"@type":"SearchAction","target":{"@type":"EntryPoint","urlTemplate":"https:\/\/www.dagopen.ee\/?s={search_term_string}"},"query-input":{"@type":"PropertyValueSpecification","valueRequired":true,"valueName":"search_term_string"}}],"inLanguage":"en-US"}]}},"_links":{"self":[{"href":"https:\/\/www.dagopen.ee\/en\/wp-json\/wp\/v2\/pages\/1855","targetHints":{"allow":["GET"]}}],"collection":[{"href":"https:\/\/www.dagopen.ee\/en\/wp-json\/wp\/v2\/pages"}],"about":[{"href":"https:\/\/www.dagopen.ee\/en\/wp-json\/wp\/v2\/types\/page"}],"author":[{"embeddable":true,"href":"https:\/\/www.dagopen.ee\/en\/wp-json\/wp\/v2\/users\/1"}],"replies":[{"embeddable":true,"href":"https:\/\/www.dagopen.ee\/en\/wp-json\/wp\/v2\/comments?post=1855"}],"version-history":[{"count":53,"href":"https:\/\/www.dagopen.ee\/en\/wp-json\/wp\/v2\/pages\/1855\/revisions"}],"predecessor-version":[{"id":4343,"href":"https:\/\/www.dagopen.ee\/en\/wp-json\/wp\/v2\/pages\/1855\/revisions\/4343"}],"wp:attachment":[{"href":"https:\/\/www.dagopen.ee\/en\/wp-json\/wp\/v2\/media?parent=1855"}],"curies":[{"name":"wp","href":"https:\/\/api.w.org\/{rel}","templated":true}]}}